{"id":16593,"date":"2021-06-17T11:39:12","date_gmt":"2021-06-17T09:39:12","guid":{"rendered":"https:\/\/piscinelesdauphins.be\/bassin-sportif\/"},"modified":"2026-01-23T18:36:43","modified_gmt":"2026-01-23T17:36:43","slug":"bassin-sportif","status":"publish","type":"page","link":"https:\/\/piscinelesdauphins.be\/nl\/bassin-sportif\/","title":{"rendered":"Bassin sportif"},"content":{"rendered":"<div class=\"wpb-content-wrapper\"><p>[vc_row top_padding=&#8221;80&#8243; bottom_padding=&#8221;60&#8243; bg_position=&#8221;left top&#8221;][vc_column width=&#8221;1\/1&#8243;]<div class=\"flexslider wpb_content_element\"><ul class=\"slides\"><li><img decoding=\"async\" src=\"https:\/\/piscinelesdauphins.be\/wp-content\/uploads\/2024\/11\/slide_Sportif_New-1.jpg\" alt=\"\" \/><\/li><li><img decoding=\"async\" src=\"https:\/\/piscinelesdauphins.be\/wp-content\/uploads\/2021\/07\/slide_bassin_sportif_7.jpg\" alt=\"\" \/><\/li><li><img decoding=\"async\" src=\"https:\/\/piscinelesdauphins.be\/wp-content\/uploads\/2021\/07\/slide_bassin_sportif.jpg\" alt=\"\" \/><\/li><\/ul><\/div>[\/vc_column][\/vc_row][vc_row bottom_padding=&#8221;100&#8243; bg_position=&#8221;left top&#8221;][vc_column width=&#8221;2\/3&#8243;]<div id=\"ultimate-heading-568669f27679962b4\" class=\"uvc-heading ult-adjust-bottom-margin ultimate-heading-568669f27679962b4 uvc-1116 \" data-hspacer=\"line_only\"  data-halign=\"left\" style=\"text-align:left\"><div class=\"uvc-main-heading ult-responsive\"  data-ultimate-target='.uvc-heading.ultimate-heading-568669f27679962b4 h2'  data-responsive-json-new='{\"font-size\":\"\",\"line-height\":\"\"}' ><h2 style=\"font-weight:bold;\">Bassin Olympique : L\u2019espace des nageurs et des passionn\u00e9s de sport aquatique<\/h2><\/div><div class=\"uvc-heading-spacer line_only\" style=\"margin-top:8px;margin-bottom:8px;height:3px;\"><span class=\"uvc-headings-line\" style=\"border-style:solid;border-bottom-width:3px;border-color:#dc4c45;width:60px;\"><\/span><\/div><div class=\"uvc-sub-heading ult-responsive\"  data-ultimate-target='.uvc-heading.ultimate-heading-568669f27679962b4 .uvc-sub-heading '  data-responsive-json-new='{\"font-size\":\"\",\"line-height\":\"\"}'  style=\"font-weight:normal;\">Le bassin olympique de la Piscine Olympique Les Dauphins est l\u2019endroit parfait pour tous les amateurs de natation, qu\u2019ils soient d\u00e9butants, passionn\u00e9s ou sportifs aguerris. Avec ses\u00a0dimensions impressionnantes de 50m de long et 21m de large, il offre un espace adapt\u00e9 aux entra\u00eenements intensifs, aux cours et aux moments de d\u00e9tente dans l\u2019eau.<\/div><\/div>[vc_column_text]<strong>Ce que vous pouvez faire dans le bassin olympique :<\/strong><\/p>\n<ul>\n<li><strong>Nager en longueur :<\/strong>\u00a0Profitez de nos\u00a0<strong>couloirs r\u00e9serv\u00e9s au public<\/strong>\u00a0tout au long de la journ\u00e9e pour am\u00e9liorer votre technique, vous entra\u00eener ou simplement vous relaxer.<\/li>\n<li><strong>Participer \u00e0 des cours :<\/strong>\u00a0Apprenez \u00e0 nager ou perfectionnez votre style gr\u00e2ce \u00e0 des cours encadr\u00e9s par nos ma\u00eetres-nageurs exp\u00e9riment\u00e9s.<\/li>\n<li><strong>Rejoindre un club :<\/strong>\u00a0De nombreux clubs sportifs utilisent ce bassin pour leurs entra\u00eenements, comp\u00e9titions et \u00e9v\u00e9nements.<\/li>\n<li><strong>Activit\u00e9s scolaires :<\/strong> Les \u00e9coles b\u00e9n\u00e9ficient de cet espace pour enseigner la natation \u00e0 leurs \u00e9l\u00e8ves dans un cadre optimal.<\/li>\n<li><strong>Stages et \u00e9v\u00e9nements sportifs :<\/strong>\u00a0Notre bassin accueille \u00e9galement des stages de natation et des comp\u00e9titions officielles, offrant une ambiance dynamique et professionnelle.<\/li>\n<\/ul>\n<p><strong>Un espace pour tous :<\/strong><br \/>\nTout au long de la journ\u00e9e, nous veillons \u00e0 ce que des couloirs restent accessibles au public, m\u00eame pendant l\u2019utilisation par les \u00e9coles ou les clubs.<\/p>\n<p>Que vous souhaitiez am\u00e9liorer votre technique, vous d\u00e9fouler ou simplement profiter de l\u2019eau, le bassin olympique est l\u2019endroit id\u00e9al pour vous.\u00a0<strong>Venez d\u00e9couvrir un espace pens\u00e9 pour les passionn\u00e9s de natation et d\u2019activit\u00e9s aquatiques !<\/strong>[\/vc_column_text]<div class=\"single_image wpb_content_element align-center    \" data-animation=\"none\" data-delay=\"0\"><img loading=\"lazy\" decoding=\"async\" width=\"550\" height=\"370\" src=\"https:\/\/piscinelesdauphins.be\/wp-content\/uploads\/2024\/11\/vignette_bassin_sportif_2.jpg\" class=\"attachment-full\" alt=\"\" title=\"vignette_bassin_sportif_2\" srcset=\"https:\/\/piscinelesdauphins.be\/wp-content\/uploads\/2024\/11\/vignette_bassin_sportif_2.jpg 550w, https:\/\/piscinelesdauphins.be\/wp-content\/uploads\/2024\/11\/vignette_bassin_sportif_2-300x202.jpg 300w\" sizes=\"auto, (max-width: 550px) 100vw, 550px\" \/><\/div>[\/vc_column][vc_column width=&#8221;1\/3&#8243;]<div id=\"ultimate-heading-549169f2767996df7\" class=\"uvc-heading ult-adjust-bottom-margin ultimate-heading-549169f2767996df7 uvc-5425 \" data-hspacer=\"line_only\"  data-halign=\"left\" style=\"text-align:left\"><div class=\"uvc-main-heading ult-responsive\"  data-ultimate-target='.uvc-heading.ultimate-heading-549169f2767996df7 h2'  data-responsive-json-new='{\"font-size\":\"\",\"line-height\":\"\"}' ><h2 style=\"font-weight:bold;\">Les Bienfaits de la Natation :<\/h2><\/div><div class=\"uvc-heading-spacer line_only\" style=\"margin-top:8px;margin-bottom:8px;height:3px;\"><span class=\"uvc-headings-line\" style=\"border-style:solid;border-bottom-width:3px;border-color:#dc4c45;width:60px;\"><\/span><\/div><div class=\"uvc-sub-heading ult-responsive\"  data-ultimate-target='.uvc-heading.ultimate-heading-549169f2767996df7 .uvc-sub-heading '  data-responsive-json-new='{\"font-size\":\"\",\"line-height\":\"\"}'  style=\"font-weight:normal;\"><strong>Un Sport Complet pour le Corps et l&#8217;Esprit<\/strong><\/div><\/div>[vc_column_text]<\/p>\n<div class=\"wpb_text_column wpb_content_element vc_custom_1529479157463 post-formatting \">\n<div class=\"wpb_wrapper\">\n<p>La natation est le deuxi\u00e8me sport le plus pratiqu\u00e9 apr\u00e8s la marche, et ce n\u2019est pas sans raison ! Avec seulement\u00a0<strong>deux s\u00e9ances par semaine<\/strong>, vous pourrez profiter pleinement de ses nombreux bienfaits pour votre sant\u00e9.<\/p>\n<p><strong>Pourquoi choisir la natation ?<\/strong><\/p>\n<ul>\n<li><strong>Am\u00e9liorez votre condition cardiaque :<\/strong>\u00a0Ce sport renforce le c\u0153ur et am\u00e9liore la circulation sanguine, favorisant une meilleure fr\u00e9quence cardiaque.<\/li>\n<li><strong>R\u00e9duisez votre tension art\u00e9rielle :<\/strong>\u00a0Les mouvements r\u00e9guliers dans l\u2019eau aident \u00e0 apaiser le corps et \u00e0 diminuer la pression art\u00e9rielle.<\/li>\n<li><strong>Augmentez votre mobilit\u00e9 :<\/strong>\u00a0La natation am\u00e9liore la flexibilit\u00e9 des articulations et r\u00e9duit les tensions musculaires, id\u00e9ale pour toutes les tranches d&#8217;\u00e2ge.<\/li>\n<li><strong>Br\u00fblez des calories efficacement :<\/strong>\u00a0Que ce soit pour perdre du poids ou rester en forme, la natation est un excellent moyen de d\u00e9penser de l&#8217;\u00e9nergie tout en douceur.<\/li>\n<\/ul>\n<p><strong>Un sport adapt\u00e9 \u00e0 tous :<\/strong>\u00a0Gr\u00e2ce \u00e0 la portance de l\u2019eau, la natation est douce pour les articulations et convient aussi bien aux d\u00e9butants qu\u2019aux sportifs confirm\u00e9s.<\/p>\n<p>Plongez dans une routine sant\u00e9 et bien-\u00eatre en d\u00e9couvrant tous les avantages de ce sport complet et accessible !<\/p>\n<\/div>\n<\/div>\n<p>[\/vc_column_text][\/vc_column][\/vc_row][vc_row type=&#8221;full_width_section&#8221;][vc_column width=&#8221;1\/1&#8243;]<div class=\"callout clearfix\" style=\"background-color:#dc4c45; color:#ffffff;\">\n\t\t<div class=\"callout-text\">Disponibilit\u00e9 des couloirs de nage<\/div>\n\t\t\t<div class=\"callout-button\"><a class=\"button medium blue\" href=\"https:\/\/piscinelesdauphins.be\/wp-content\/uploads\/2026\/01\/Horaires_2026.pdf\" target=\"_blank\">T\u00e9l\u00e9charger<\/a><\/div>\n\t\t<\/div>[\/vc_column][\/vc_row][vc_row][vc_column width=&#8221;1\/1&#8243;]<div class=\"spacer\" style=\"height: 80px;\"><\/div>[\/vc_column][\/vc_row][vc_row][vc_column width=&#8221;1\/2&#8243;]<div class=\"spacer\" style=\"height: 0px;\"><\/div><div class=\"single_image wpb_content_element align-left    \" data-animation=\"none\" data-delay=\"0\"><img loading=\"lazy\" decoding=\"async\" width=\"400\" height=\"423\" src=\"https:\/\/piscinelesdauphins.be\/wp-content\/uploads\/2024\/11\/image_Cours_Enfants_3.jpg\" class=\"attachment-full\" alt=\"\" title=\"image_Cours_Enfants_3\" srcset=\"https:\/\/piscinelesdauphins.be\/wp-content\/uploads\/2024\/11\/image_Cours_Enfants_3.jpg 400w, https:\/\/piscinelesdauphins.be\/wp-content\/uploads\/2024\/11\/image_Cours_Enfants_3-284x300.jpg 284w\" sizes=\"auto, (max-width: 400px) 100vw, 400px\" \/><\/div><div class=\"single_image wpb_content_element align-right    \" data-animation=\"none\" data-delay=\"0\"><img loading=\"lazy\" decoding=\"async\" width=\"400\" height=\"423\" src=\"https:\/\/piscinelesdauphins.be\/wp-content\/uploads\/2024\/11\/image_Cours_Enfants_1.jpg\" class=\"attachment-full\" alt=\"\" title=\"image_Cours_Enfants_1\" srcset=\"https:\/\/piscinelesdauphins.be\/wp-content\/uploads\/2024\/11\/image_Cours_Enfants_1.jpg 400w, https:\/\/piscinelesdauphins.be\/wp-content\/uploads\/2024\/11\/image_Cours_Enfants_1-284x300.jpg 284w\" sizes=\"auto, (max-width: 400px) 100vw, 400px\" \/><\/div>[\/vc_column][vc_column width=&#8221;1\/2&#8243;][vc_column_text]<\/p>\n<h3><strong>Apprenez \u00e0 nager ou perfectionnez votre style avec nos ma\u00eetres-nageurs !<\/strong><\/h3>\n<p><strong>Vous souhaitez apprendre \u00e0 nager ou am\u00e9liorer votre technique ?<\/strong><\/p>\n<p>\u00c0 la Piscine Olympique Les Dauphins, nos ma\u00eetres-nageurs dipl\u00f4m\u00e9s sont l\u00e0 pour vous accompagner, que vous soyez d\u00e9butant ou d\u00e9j\u00e0 \u00e0 l\u2019aise dans l\u2019eau.<\/p>\n<p><strong>Un apprentissage encadr\u00e9 et personnalis\u00e9<\/strong><br \/>\nChaque cours est donn\u00e9 par nos ma\u00eetres-nageurs exp\u00e9riment\u00e9s, qui vous offriront des conseils adapt\u00e9s \u00e0 votre niveau et \u00e0 vos objectifs. Gr\u00e2ce \u00e0 leur expertise, vous progresserez rapidement tout en vous sentant en s\u00e9curit\u00e9.[\/vc_column_text]<div class=\"spacer\" style=\"height: 40px;\"><\/div><div class=\"uavc-list-icon uavc-list-icon-wrapper ult-adjust-bottom-margin   \"><ul class=\"uavc-list\"><li><div class=\"uavc-list-content\" id=\"list-icon-wrap-7215\">\n<div class=\"uavc-list-icon  \" data-animation=\"\" data-animation-delay=\"03\" style=\"margin-right:18px;\"><div class=\"ult-just-icon-wrapper  \"><div class=\"align-icon\" style=\"text-align:center;\">\n<div class=\"aio-icon none \"  style=\"color:#a2c617;font-size:18px;display:inline-block;\">\n\t<i class=\"Defaults-check\"><\/i>\n<\/div><\/div><\/div>\n<\/div><span  data-ultimate-target='#list-icon-wrap-7215 .uavc-list-desc'  data-responsive-json-new='{\"font-size\":\"\",\"line-height\":\"\"}'  class=\"uavc-list-desc ult-responsive\" style=\"\">Dinzik Pavol :0477\/72 84 88<\/span><\/div><\/li><li><div class=\"uavc-list-content\" id=\"list-icon-wrap-2173\">\n<div class=\"uavc-list-icon  \" data-animation=\"\" data-animation-delay=\"03\" style=\"margin-right:18px;\"><div class=\"ult-just-icon-wrapper  \"><div class=\"align-icon\" style=\"text-align:center;\">\n<div class=\"aio-icon none \"  style=\"color:#a2c617;font-size:18px;display:inline-block;\">\n\t<i class=\"Defaults-check\"><\/i>\n<\/div><\/div><\/div>\n<\/div><span  data-ultimate-target='#list-icon-wrap-2173 .uavc-list-desc'  data-responsive-json-new='{\"font-size\":\"\",\"line-height\":\"\"}'  class=\"uavc-list-desc ult-responsive\" style=\"\">Labreg lotfi : 0472\/47 92 60<\/span><\/div><\/li><li><div class=\"uavc-list-content\" id=\"list-icon-wrap-9125\">\n<div class=\"uavc-list-icon  \" data-animation=\"\" data-animation-delay=\"03\" style=\"margin-right:18px;\"><div class=\"ult-just-icon-wrapper  \"><div class=\"align-icon\" style=\"text-align:center;\">\n<div class=\"aio-icon none \"  style=\"color:#a2c617;font-size:18px;display:inline-block;\">\n\t<i class=\"Defaults-check\"><\/i>\n<\/div><\/div><\/div>\n<\/div><span  data-ultimate-target='#list-icon-wrap-9125 .uavc-list-desc'  data-responsive-json-new='{\"font-size\":\"\",\"line-height\":\"\"}'  class=\"uavc-list-desc ult-responsive\" style=\"\">Leroi Carole : 0474\/74 18 75<\/span><\/div><\/li><li><div class=\"uavc-list-content\" id=\"list-icon-wrap-5358\">\n<div class=\"uavc-list-icon  \" data-animation=\"\" data-animation-delay=\"03\" style=\"margin-right:18px;\"><div class=\"ult-just-icon-wrapper  \"><div class=\"align-icon\" style=\"text-align:center;\">\n<div class=\"aio-icon none \"  style=\"color:#a2c617;font-size:18px;display:inline-block;\">\n\t<i class=\"Defaults-check\"><\/i>\n<\/div><\/div><\/div>\n<\/div><span  data-ultimate-target='#list-icon-wrap-5358 .uavc-list-desc'  data-responsive-json-new='{\"font-size\":\"\",\"line-height\":\"\"}'  class=\"uavc-list-desc ult-responsive\" style=\"\">Vangeenberghe Laurent : 0479\/85 18 44<\/p>\n<p><\/span><\/div><\/li><\/ul><\/div><div class=\"spacer\" style=\"height: 40px;\"><\/div>[vc_column_text]<\/p>\n<h3><strong>Contactez-les directement pour fixer vos cours !<\/strong><\/h3>\n<p><strong>Tarifs :<\/strong><br \/>\n100 \u20ac pour 5 le\u00e7ons particuli\u00e8res + l\u2019entr\u00e9e \u00e0 la piscine.<\/p>\n<p><strong>Rejoignez-nous et transformez vos envies aquatiques en r\u00e9alit\u00e9 !<\/strong>\u00a0Vous apprendrez dans un environnement convivial et s\u00e9curis\u00e9, encadr\u00e9 par des professionnels passionn\u00e9s.[\/vc_column_text][\/vc_column][\/vc_row][vc_row][vc_column width=&#8221;1\/1&#8243;]<div class=\"spacer\" style=\"height: 40px;\"><\/div>[\/vc_column][\/vc_row]<\/p>\n<\/div>","protected":false},"excerpt":{"rendered":"<p>[vc_row top_padding=&#8221;80&#8243; bottom_padding=&#8221;60&#8243; bg_position=&#8221;left top&#8221;][vc_column width=&#8221;1\/1&#8243;][\/vc_column][\/vc_row][vc_row bottom_padding=&#8221;100&#8243; bg_position=&#8221;left top&#8221;][vc_column width=&#8221;2\/3&#8243;][vc_column_text]Ce que vous pouvez faire dans le bassin olympique : Nager en longueur :\u00a0Profitez de nos\u00a0couloirs r\u00e9serv\u00e9s au public\u00a0tout au long de la journ\u00e9e pour am\u00e9liorer votre technique, vous entra\u00eener ou simplement vous relaxer. Participer \u00e0 des cours :\u00a0Apprenez \u00e0 nager ou perfectionnez votre style gr\u00e2ce \u00e0 des cours encadr\u00e9s par nos ma\u00eetres-nageurs exp\u00e9riment\u00e9s. Rejoindre un club :\u00a0De nombreux clubs sportifs utilisent ce bassin pour leurs entra\u00eenements, comp\u00e9titions et \u00e9v\u00e9nements. Activit\u00e9s scolaires : Les \u00e9coles b\u00e9n\u00e9ficient de cet espace pour enseigner la natation \u00e0 leurs \u00e9l\u00e8ves dans un cadre optimal. Stages et \u00e9v\u00e9nements sportifs :\u00a0Notre bassin accueille \u00e9galement des stages de natation et des comp\u00e9titions officielles, offrant une ambiance dynamique et professionnelle. Un espace pour tous : Tout au long de la journ\u00e9e, nous veillons \u00e0 ce que des couloirs restent accessibles au public, m\u00eame pendant l\u2019utilisation par les \u00e9coles ou les clubs. Que vous souhaitiez am\u00e9liorer votre technique, vous d\u00e9fouler ou simplement profiter de l\u2019eau, le bassin olympique est l\u2019endroit id\u00e9al pour vous.\u00a0Venez d\u00e9couvrir un espace pens\u00e9 pour les passionn\u00e9s de natation et d\u2019activit\u00e9s aquatiques ![\/vc_column_text][\/vc_column][vc_column width=&#8221;1\/3&#8243;][vc_column_text] La natation est le deuxi\u00e8me sport le plus pratiqu\u00e9 apr\u00e8s la marche, et [&hellip;]<\/p>\n","protected":false},"author":1,"featured_media":0,"parent":0,"menu_order":0,"comment_status":"closed","ping_status":"closed","template":"","meta":{"footnotes":"","_links_to":"","_links_to_target":""},"class_list":["post-16593","page","type-page","status-publish","hentry"],"yoast_head":"<!-- This site is optimized with the Yoast SEO plugin v20.0 - https:\/\/yoast.com\/wordpress\/plugins\/seo\/ -->\n<title>La piscine Les Dauphins est la sortie pr\u00e9f\u00e9r\u00e9e des familles avec des enfants de 3 mois \u00e0 12 ans. Que ce soit pour s\u2019amuser, ou se d\u00e9tendre, tous les nageurs sont \u00e0 la f\u00eate \u00e0 la piscine Les Dauphins de Mouscron. Les sportifs, quant \u00e0 eux, peuvent encha\u00eener les longueurs dans notre piscine olympique !<\/title>\n<meta name=\"description\" content=\"Piscine, Les Dauphins, Mouscron, piscine les dauphins, natation, nager, centre aquatique, aquafitness, toboggan, bassin, olympique, cours de natation, horaire, tarifs, prix, r\u00e9servation, baignade, solarium, piscine ext\u00e9rieure, piscine plein-air, aquabike, fitness, bien-\u00eatre, wellness, brasserie\" \/>\n<meta name=\"robots\" content=\"index, follow, max-snippet:-1, max-image-preview:large, max-video-preview:-1\" \/>\n<link rel=\"canonical\" href=\"https:\/\/piscinelesdauphins.be\/nl\/bassin-sportif\/\" \/>\n<meta property=\"og:locale\" content=\"nl_NL\" \/>\n<meta property=\"og:type\" content=\"article\" \/>\n<meta property=\"og:title\" content=\"La piscine Les Dauphins est la sortie pr\u00e9f\u00e9r\u00e9e des familles avec des enfants de 3 mois \u00e0 12 ans. Que ce soit pour s\u2019amuser, ou se d\u00e9tendre, tous les nageurs sont \u00e0 la f\u00eate \u00e0 la piscine Les Dauphins de Mouscron. Les sportifs, quant \u00e0 eux, peuvent encha\u00eener les longueurs dans notre piscine olympique !\" \/>\n<meta property=\"og:description\" content=\"Piscine, Les Dauphins, Mouscron, piscine les dauphins, natation, nager, centre aquatique, aquafitness, toboggan, bassin, olympique, cours de natation, horaire, tarifs, prix, r\u00e9servation, baignade, solarium, piscine ext\u00e9rieure, piscine plein-air, aquabike, fitness, bien-\u00eatre, wellness, brasserie\" \/>\n<meta property=\"og:url\" content=\"https:\/\/piscinelesdauphins.be\/nl\/bassin-sportif\/\" \/>\n<meta property=\"og:site_name\" content=\"Piscine Olympique Les Dauphins\" \/>\n<meta property=\"article:modified_time\" content=\"2026-01-23T17:36:43+00:00\" \/>\n<meta name=\"twitter:card\" content=\"summary_large_image\" \/>\n<meta name=\"twitter:label1\" content=\"Geschatte leestijd\" \/>\n\t<meta name=\"twitter:data1\" content=\"4 minuten\" \/>\n<script type=\"application\/ld+json\" class=\"yoast-schema-graph\">{\"@context\":\"https:\/\/schema.org\",\"@graph\":[{\"@type\":\"WebPage\",\"@id\":\"https:\/\/piscinelesdauphins.be\/nl\/bassin-sportif\/\",\"url\":\"https:\/\/piscinelesdauphins.be\/nl\/bassin-sportif\/\",\"name\":\"La piscine Les Dauphins est la sortie pr\u00e9f\u00e9r\u00e9e des familles avec des enfants de 3 mois \u00e0 12 ans. Que ce soit pour s\u2019amuser, ou se d\u00e9tendre, tous les nageurs sont \u00e0 la f\u00eate \u00e0 la piscine Les Dauphins de Mouscron. Les sportifs, quant \u00e0 eux, peuvent encha\u00eener les longueurs dans notre piscine olympique !\",\"isPartOf\":{\"@id\":\"https:\/\/piscinelesdauphins.be\/nl\/#website\"},\"datePublished\":\"2021-06-17T09:39:12+00:00\",\"dateModified\":\"2026-01-23T17:36:43+00:00\",\"description\":\"Piscine, Les Dauphins, Mouscron, piscine les dauphins, natation, nager, centre aquatique, aquafitness, toboggan, bassin, olympique, cours de natation, horaire, tarifs, prix, r\u00e9servation, baignade, solarium, piscine ext\u00e9rieure, piscine plein-air, aquabike, fitness, bien-\u00eatre, wellness, brasserie\",\"breadcrumb\":{\"@id\":\"https:\/\/piscinelesdauphins.be\/nl\/bassin-sportif\/#breadcrumb\"},\"inLanguage\":\"nl-NL\",\"potentialAction\":[{\"@type\":\"ReadAction\",\"target\":[\"https:\/\/piscinelesdauphins.be\/nl\/bassin-sportif\/\"]}]},{\"@type\":\"BreadcrumbList\",\"@id\":\"https:\/\/piscinelesdauphins.be\/nl\/bassin-sportif\/#breadcrumb\",\"itemListElement\":[{\"@type\":\"ListItem\",\"position\":1,\"name\":\"Accueil\",\"item\":\"https:\/\/piscinelesdauphins.be\/nl\/\"},{\"@type\":\"ListItem\",\"position\":2,\"name\":\"Bassin sportif\"}]},{\"@type\":\"WebSite\",\"@id\":\"https:\/\/piscinelesdauphins.be\/nl\/#website\",\"url\":\"https:\/\/piscinelesdauphins.be\/nl\/\",\"name\":\"Piscine Olympique Les Dauphins\",\"description\":\"Piscine Olympique Les Dauphins\",\"publisher\":{\"@id\":\"https:\/\/piscinelesdauphins.be\/nl\/#organization\"},\"potentialAction\":[{\"@type\":\"SearchAction\",\"target\":{\"@type\":\"EntryPoint\",\"urlTemplate\":\"https:\/\/piscinelesdauphins.be\/nl\/?s={search_term_string}\"},\"query-input\":\"required name=search_term_string\"}],\"inLanguage\":\"nl-NL\"},{\"@type\":\"Organization\",\"@id\":\"https:\/\/piscinelesdauphins.be\/nl\/#organization\",\"name\":\"Piscines les dauphins\",\"url\":\"https:\/\/piscinelesdauphins.be\/nl\/\",\"logo\":{\"@type\":\"ImageObject\",\"inLanguage\":\"nl-NL\",\"@id\":\"https:\/\/piscinelesdauphins.be\/nl\/#\/schema\/logo\/image\/\",\"url\":\"https:\/\/piscinelesdauphins.be\/wp-content\/uploads\/2021\/06\/Piscine-les-Dauphins.jpg\",\"contentUrl\":\"https:\/\/piscinelesdauphins.be\/wp-content\/uploads\/2021\/06\/Piscine-les-Dauphins.jpg\",\"width\":1473,\"height\":657,\"caption\":\"Piscines les dauphins\"},\"image\":{\"@id\":\"https:\/\/piscinelesdauphins.be\/nl\/#\/schema\/logo\/image\/\"}}]}<\/script>\n<!-- \/ Yoast SEO plugin. -->","yoast_head_json":{"title":"La piscine Les Dauphins est la sortie pr\u00e9f\u00e9r\u00e9e des familles avec des enfants de 3 mois \u00e0 12 ans. Que ce soit pour s\u2019amuser, ou se d\u00e9tendre, tous les nageurs sont \u00e0 la f\u00eate \u00e0 la piscine Les Dauphins de Mouscron. Les sportifs, quant \u00e0 eux, peuvent encha\u00eener les longueurs dans notre piscine olympique !","description":"Piscine, Les Dauphins, Mouscron, piscine les dauphins, natation, nager, centre aquatique, aquafitness, toboggan, bassin, olympique, cours de natation, horaire, tarifs, prix, r\u00e9servation, baignade, solarium, piscine ext\u00e9rieure, piscine plein-air, aquabike, fitness, bien-\u00eatre, wellness, brasserie","robots":{"index":"index","follow":"follow","max-snippet":"max-snippet:-1","max-image-preview":"max-image-preview:large","max-video-preview":"max-video-preview:-1"},"canonical":"https:\/\/piscinelesdauphins.be\/nl\/bassin-sportif\/","og_locale":"nl_NL","og_type":"article","og_title":"La piscine Les Dauphins est la sortie pr\u00e9f\u00e9r\u00e9e des familles avec des enfants de 3 mois \u00e0 12 ans. Que ce soit pour s\u2019amuser, ou se d\u00e9tendre, tous les nageurs sont \u00e0 la f\u00eate \u00e0 la piscine Les Dauphins de Mouscron. Les sportifs, quant \u00e0 eux, peuvent encha\u00eener les longueurs dans notre piscine olympique !","og_description":"Piscine, Les Dauphins, Mouscron, piscine les dauphins, natation, nager, centre aquatique, aquafitness, toboggan, bassin, olympique, cours de natation, horaire, tarifs, prix, r\u00e9servation, baignade, solarium, piscine ext\u00e9rieure, piscine plein-air, aquabike, fitness, bien-\u00eatre, wellness, brasserie","og_url":"https:\/\/piscinelesdauphins.be\/nl\/bassin-sportif\/","og_site_name":"Piscine Olympique Les Dauphins","article_modified_time":"2026-01-23T17:36:43+00:00","twitter_card":"summary_large_image","twitter_misc":{"Geschatte leestijd":"4 minuten"},"schema":{"@context":"https:\/\/schema.org","@graph":[{"@type":"WebPage","@id":"https:\/\/piscinelesdauphins.be\/nl\/bassin-sportif\/","url":"https:\/\/piscinelesdauphins.be\/nl\/bassin-sportif\/","name":"La piscine Les Dauphins est la sortie pr\u00e9f\u00e9r\u00e9e des familles avec des enfants de 3 mois \u00e0 12 ans. Que ce soit pour s\u2019amuser, ou se d\u00e9tendre, tous les nageurs sont \u00e0 la f\u00eate \u00e0 la piscine Les Dauphins de Mouscron. Les sportifs, quant \u00e0 eux, peuvent encha\u00eener les longueurs dans notre piscine olympique !","isPartOf":{"@id":"https:\/\/piscinelesdauphins.be\/nl\/#website"},"datePublished":"2021-06-17T09:39:12+00:00","dateModified":"2026-01-23T17:36:43+00:00","description":"Piscine, Les Dauphins, Mouscron, piscine les dauphins, natation, nager, centre aquatique, aquafitness, toboggan, bassin, olympique, cours de natation, horaire, tarifs, prix, r\u00e9servation, baignade, solarium, piscine ext\u00e9rieure, piscine plein-air, aquabike, fitness, bien-\u00eatre, wellness, brasserie","breadcrumb":{"@id":"https:\/\/piscinelesdauphins.be\/nl\/bassin-sportif\/#breadcrumb"},"inLanguage":"nl-NL","potentialAction":[{"@type":"ReadAction","target":["https:\/\/piscinelesdauphins.be\/nl\/bassin-sportif\/"]}]},{"@type":"BreadcrumbList","@id":"https:\/\/piscinelesdauphins.be\/nl\/bassin-sportif\/#breadcrumb","itemListElement":[{"@type":"ListItem","position":1,"name":"Accueil","item":"https:\/\/piscinelesdauphins.be\/nl\/"},{"@type":"ListItem","position":2,"name":"Bassin sportif"}]},{"@type":"WebSite","@id":"https:\/\/piscinelesdauphins.be\/nl\/#website","url":"https:\/\/piscinelesdauphins.be\/nl\/","name":"Piscine Olympique Les Dauphins","description":"Piscine Olympique Les Dauphins","publisher":{"@id":"https:\/\/piscinelesdauphins.be\/nl\/#organization"},"potentialAction":[{"@type":"SearchAction","target":{"@type":"EntryPoint","urlTemplate":"https:\/\/piscinelesdauphins.be\/nl\/?s={search_term_string}"},"query-input":"required name=search_term_string"}],"inLanguage":"nl-NL"},{"@type":"Organization","@id":"https:\/\/piscinelesdauphins.be\/nl\/#organization","name":"Piscines les dauphins","url":"https:\/\/piscinelesdauphins.be\/nl\/","logo":{"@type":"ImageObject","inLanguage":"nl-NL","@id":"https:\/\/piscinelesdauphins.be\/nl\/#\/schema\/logo\/image\/","url":"https:\/\/piscinelesdauphins.be\/wp-content\/uploads\/2021\/06\/Piscine-les-Dauphins.jpg","contentUrl":"https:\/\/piscinelesdauphins.be\/wp-content\/uploads\/2021\/06\/Piscine-les-Dauphins.jpg","width":1473,"height":657,"caption":"Piscines les dauphins"},"image":{"@id":"https:\/\/piscinelesdauphins.be\/nl\/#\/schema\/logo\/image\/"}}]}},"_links":{"self":[{"href":"https:\/\/piscinelesdauphins.be\/nl\/wp-json\/wp\/v2\/pages\/16593","targetHints":{"allow":["GET"]}}],"collection":[{"href":"https:\/\/piscinelesdauphins.be\/nl\/wp-json\/wp\/v2\/pages"}],"about":[{"href":"https:\/\/piscinelesdauphins.be\/nl\/wp-json\/wp\/v2\/types\/page"}],"author":[{"embeddable":true,"href":"https:\/\/piscinelesdauphins.be\/nl\/wp-json\/wp\/v2\/users\/1"}],"replies":[{"embeddable":true,"href":"https:\/\/piscinelesdauphins.be\/nl\/wp-json\/wp\/v2\/comments?post=16593"}],"version-history":[{"count":13,"href":"https:\/\/piscinelesdauphins.be\/nl\/wp-json\/wp\/v2\/pages\/16593\/revisions"}],"predecessor-version":[{"id":17271,"href":"https:\/\/piscinelesdauphins.be\/nl\/wp-json\/wp\/v2\/pages\/16593\/revisions\/17271"}],"wp:attachment":[{"href":"https:\/\/piscinelesdauphins.be\/nl\/wp-json\/wp\/v2\/media?parent=16593"}],"curies":[{"name":"wp","href":"https:\/\/api.w.org\/{rel}","templated":true}]}}