{"id":16605,"date":"2021-06-14T17:04:49","date_gmt":"2021-06-14T15:04:49","guid":{"rendered":"https:\/\/piscinelesdauphins.be\/toboggans\/"},"modified":"2025-06-10T08:42:16","modified_gmt":"2025-06-10T06:42:16","slug":"toboggans","status":"publish","type":"page","link":"https:\/\/piscinelesdauphins.be\/nl\/toboggans\/","title":{"rendered":"Toboggans"},"content":{"rendered":"<div class=\"wpb-content-wrapper\"><p>[vc_row top_padding=&#8221;80&#8243; bottom_padding=&#8221;60&#8243; bg_position=&#8221;left top&#8221;][vc_column width=&#8221;1\/1&#8243;]<div class=\"flexslider wpb_content_element\"><ul class=\"slides\"><li><img decoding=\"async\" src=\"https:\/\/piscinelesdauphins.be\/wp-content\/uploads\/2023\/03\/slide_toboggans_Nouveaux.jpg\" alt=\"\" \/><\/li><li><img decoding=\"async\" src=\"https:\/\/piscinelesdauphins.be\/wp-content\/uploads\/2021\/06\/slide_toboggans.jpg\" alt=\"\" \/><\/li><li><img decoding=\"async\" src=\"https:\/\/piscinelesdauphins.be\/wp-content\/uploads\/2021\/06\/slide_blue_lagoon.jpg\" alt=\"\" \/><\/li><\/ul><\/div>[\/vc_column][\/vc_row][vc_row bottom_padding=&#8221;100&#8243; bg_position=&#8221;left top&#8221;][vc_column width=&#8221;1\/2&#8243;]<div id=\"ultimate-heading-898369f25c3129bbc\" class=\"uvc-heading ult-adjust-bottom-margin ultimate-heading-898369f25c3129bbc uvc-1849 \" data-hspacer=\"line_only\"  data-halign=\"left\" style=\"text-align:left\"><div class=\"uvc-main-heading ult-responsive\"  data-ultimate-target='.uvc-heading.ultimate-heading-898369f25c3129bbc h2'  data-responsive-json-new='{\"font-size\":\"\",\"line-height\":\"\"}' ><h2 style=\"font-weight:bold;\">Challenger<\/h2><\/div><div class=\"uvc-heading-spacer line_only\" style=\"margin-top:8px;margin-bottom:8px;height:3px;\"><span class=\"uvc-headings-line\" style=\"border-style:solid;border-bottom-width:3px;border-color:#dc4c45;width:60px;\"><\/span><\/div><div class=\"uvc-sub-heading ult-responsive\"  data-ultimate-target='.uvc-heading.ultimate-heading-898369f25c3129bbc .uvc-sub-heading '  data-responsive-json-new='{\"font-size\":\"\",\"line-height\":\"\"}'  style=\"font-weight:normal;\">\ud83c\udfaf <strong data-start=\"106\" data-end=\"158\">Challenger \u2013 Le toboggan \u00e0 double personnalit\u00e9 !<\/strong><\/div><\/div><div class=\"spacer\" style=\"height: 20px;\"><\/div>[vc_column_text]<\/p>\n<p data-start=\"160\" data-end=\"426\">Pr\u00eat \u00e0 affronter le <strong data-start=\"180\" data-end=\"194\">Challenger<\/strong>, notre toboggan familial aux allures de montagne russe aquatique ? Parfois doux et rassurant\u2026 parfois rapide et impr\u00e9visible\u2026 Il vous r\u00e9serve un <strong data-start=\"340\" data-end=\"366\">cocktail de sensations<\/strong> qui vous fera rire, crier et recommencer encore et encore !<\/p>\n<p data-start=\"428\" data-end=\"708\">Avec ses <strong data-start=\"437\" data-end=\"461\">44,60 m\u00e8tres de long<\/strong> et son <strong data-start=\"469\" data-end=\"508\">d\u00e9part perch\u00e9 \u00e0 4,80 m\u00e8tres de haut<\/strong>, ce grand serpent <strong data-start=\"527\" data-end=\"547\">rouge flamboyant<\/strong> vous propulse \u00e0 <strong data-start=\"564\" data-end=\"575\">25 km\/h<\/strong> dans une glissade sinueuse, o\u00f9 chaque virage est une surprise. Parfait pour les familles et les amateurs de sensations accessibles !<\/p>\n<p data-start=\"710\" data-end=\"897\">\ud83c\udf21\ufe0f <strong data-start=\"714\" data-end=\"745\">Temp\u00e9rature de l\u2019eau : 30\u00b0C<\/strong> \u2013 pour une glisse tout confort, \u00e9t\u00e9 comme hiver.<br data-start=\"794\" data-end=\"797\" \/>\ud83d\udc66 <strong data-start=\"800\" data-end=\"837\">\u00c2ge minimum : 8 ans ou accompagn\u00e9<\/strong> \u2013 l\u2019aventure est ouverte \u00e0 tous les explorateurs de l\u2019eau !<\/p>\n<p data-start=\"899\" data-end=\"995\">Le Challenger n\u2019a qu\u2019une r\u00e8gle : <strong data-start=\"932\" data-end=\"995\">oser la premi\u00e8re descente\u2026 et vouloir la refaire aussit\u00f4t !<\/strong><\/p>\n<p>[\/vc_column_text][\/vc_column][vc_column width=&#8221;1\/2&#8243;]<div id=\"ultimate-heading-246269f25c3129c21\" class=\"uvc-heading ult-adjust-bottom-margin ultimate-heading-246269f25c3129c21 uvc-9271 \" data-hspacer=\"line_only\"  data-halign=\"left\" style=\"text-align:left\"><div class=\"uvc-main-heading ult-responsive\"  data-ultimate-target='.uvc-heading.ultimate-heading-246269f25c3129c21 h2'  data-responsive-json-new='{\"font-size\":\"\",\"line-height\":\"\"}' ><h2 style=\"font-weight:bold;\">Speed Rider<\/h2><\/div><div class=\"uvc-heading-spacer line_only\" style=\"margin-top:8px;margin-bottom:8px;height:3px;\"><span class=\"uvc-headings-line\" style=\"border-style:solid;border-bottom-width:3px;border-color:#dc4c45;width:60px;\"><\/span><\/div><div class=\"uvc-sub-heading ult-responsive\"  data-ultimate-target='.uvc-heading.ultimate-heading-246269f25c3129c21 .uvc-sub-heading '  data-responsive-json-new='{\"font-size\":\"\",\"line-height\":\"\"}'  style=\"font-weight:normal;\"><strong>\ud83d\udca5 Speed Rider \u2013 Le frisson \u00e0 l\u2019\u00e9tat pur !<\/strong><\/div><\/div><div class=\"spacer\" style=\"height: 20px;\"><\/div>[vc_column_text]<\/p>\n<p data-start=\"140\" data-end=\"433\">Amateurs de sensations fortes, le <strong data-start=\"174\" data-end=\"189\">Speed Rider<\/strong> est fait pour vous !<br data-start=\"210\" data-end=\"213\" \/>Avec ses <strong data-start=\"222\" data-end=\"250\">71,30 m\u00e8tres de descente<\/strong>, son <strong data-start=\"256\" data-end=\"287\">d\u00e9part perch\u00e9 \u00e0 8,50 m\u00e8tres<\/strong> et une <strong data-start=\"295\" data-end=\"333\">pente vertigineuse de plus de 15 %<\/strong>, ce toboggan bleu \u00e9lectrique vous propulse \u00e0 <strong data-start=\"379\" data-end=\"390\">32 km\/h<\/strong> \u00e0 travers des virages serr\u00e9s et exaltants.<\/p>\n<p data-start=\"435\" data-end=\"630\">Un seul mot d\u2019ordre : <strong data-start=\"457\" data-end=\"477\">accrochez-vous !<\/strong><br data-start=\"477\" data-end=\"480\" \/>Chaque seconde est une pouss\u00e9e d\u2019adr\u00e9naline, chaque virage un nouveau d\u00e9fi. C\u2019est <strong data-start=\"562\" data-end=\"589\">la glisse version sport<\/strong>, pour ceux qui aiment quand \u00e7a d\u00e9coiffe.<\/p>\n<p data-start=\"632\" data-end=\"795\">\ud83c\udf0a <strong data-start=\"635\" data-end=\"666\">Temp\u00e9rature de l\u2019eau : 30\u00b0C<\/strong> \u2013 pour foncer \u00e0 toute vitesse dans un confort absolu.<br data-start=\"720\" data-end=\"723\" \/>\ud83d\udc66 <strong data-start=\"726\" data-end=\"763\">\u00c2ge minimum : 8 ans ou accompagn\u00e9<\/strong> \u2013 jeunes intr\u00e9pides bienvenus !<\/p>\n<p data-start=\"797\" data-end=\"846\">Le Speed Rider ne se raconte pas\u2026 il <strong data-start=\"834\" data-end=\"844\">se vit<\/strong> !<\/p>\n<p>[\/vc_column_text][\/vc_column][\/vc_row][vc_row][vc_column width=&#8221;1\/1&#8243;]<div class=\"spacer\" style=\"height: 20px;\"><\/div><div class=\"single_image wpb_content_element align-center    \" data-animation=\"none\" data-delay=\"0\"><img loading=\"lazy\" decoding=\"async\" width=\"1920\" height=\"2560\" src=\"https:\/\/piscinelesdauphins.be\/wp-content\/uploads\/2023\/03\/Info_Toboggans-scaled.jpg\" class=\"attachment-full\" alt=\"\" title=\"Info_Toboggans\" srcset=\"https:\/\/piscinelesdauphins.be\/wp-content\/uploads\/2023\/03\/Info_Toboggans-scaled.jpg 1920w, https:\/\/piscinelesdauphins.be\/wp-content\/uploads\/2023\/03\/Info_Toboggans-225x300.jpg 225w, https:\/\/piscinelesdauphins.be\/wp-content\/uploads\/2023\/03\/Info_Toboggans-768x1024.jpg 768w, https:\/\/piscinelesdauphins.be\/wp-content\/uploads\/2023\/03\/Info_Toboggans-1152x1536.jpg 1152w, https:\/\/piscinelesdauphins.be\/wp-content\/uploads\/2023\/03\/Info_Toboggans-1536x2048.jpg 1536w, https:\/\/piscinelesdauphins.be\/wp-content\/uploads\/2023\/03\/Info_Toboggans-600x800.jpg 600w\" sizes=\"auto, (max-width: 1920px) 100vw, 1920px\" \/><\/div><div class=\"spacer\" style=\"height: 20px;\"><\/div>[\/vc_column][\/vc_row][vc_row bg_color=&#8221;#e6f3ff&#8221; top_padding=&#8221;100&#8243; bottom_padding=&#8221;100&#8243; bg_position=&#8221;left top&#8221;][vc_column width=&#8221;1\/1&#8243;]<div id=\"ultimate-heading-573669f25c312aac4\" class=\"uvc-heading ult-adjust-bottom-margin ultimate-heading-573669f25c312aac4 uvc-5282 \" data-hspacer=\"line_only\"  data-halign=\"left\" style=\"text-align:left\"><div class=\"uvc-main-heading ult-responsive\"  data-ultimate-target='.uvc-heading.ultimate-heading-573669f25c312aac4 h2'  data-responsive-json-new='{\"font-size\":\"\",\"line-height\":\"\"}' ><h2 style=\"font-weight:bold;\">PROFITEZ D\u2019UNE EAU \u00c0 30\u00b0C TOUTE L\u2019ANN\u00c9E !<\/h2><\/div><div class=\"uvc-heading-spacer line_only\" style=\"margin-top:8px;margin-bottom:8px;height:3px;\"><span class=\"uvc-headings-line\" style=\"border-style:solid;border-bottom-width:3px;border-color:#dc4c45;width:60px;\"><\/span><\/div><div class=\"uvc-sub-heading ult-responsive\"  data-ultimate-target='.uvc-heading.ultimate-heading-573669f25c312aac4 .uvc-sub-heading '  data-responsive-json-new='{\"font-size\":\"\",\"line-height\":\"\"}'  style=\"font-weight:normal;\">La Piscine Olympique Les Dauphins offre <strong>4 bassins<\/strong> : pataugeoire \u00e0 34\u00b0C, bassin ludique, bassin multifonction ouvert sur l\u2019ext\u00e9rieur, et piscine olympique 50m.<\/p>\n<p><strong>Amusez-vous avec nos 2 toboggans g\u00e9ants<\/strong> (44m et 71m) et d\u00e9tendez-vous dans le bain bouillonnant.<\/p>\n<p><strong>Animations toute l\u2019ann\u00e9e !<\/strong><\/p>\n<ul>\n<li>Toboggans ouverts d\u00e8s 16h en semaine, et d\u00e8s l\u2019ouverture le mercredi, samedi et dimanche.<\/li>\n<li><strong>Soir\u00e9es nocturnes<\/strong> les mercredis et vendredis (17h-20h) avec musique et lumi\u00e8res.<\/li>\n<\/ul>\n<p><strong>Un lieu pour toute la famille, en toute saison !<\/strong><\/div><\/div><div class=\"spacer\" style=\"height: 20px;\"><\/div>[\/vc_column][\/vc_row][vc_row][vc_column][vc_column_text]<\/p>\n<div id=\"ConnectiveDocSignExtentionInstalled\" data-extension-version=\"1.0.4\"><\/div>\n<p>[\/vc_column_text][\/vc_column][\/vc_row]<\/p>\n<\/div>","protected":false},"excerpt":{"rendered":"<p>[vc_row top_padding=&#8221;80&#8243; bottom_padding=&#8221;60&#8243; bg_position=&#8221;left top&#8221;][vc_column width=&#8221;1\/1&#8243;][\/vc_column][\/vc_row][vc_row bottom_padding=&#8221;100&#8243; bg_position=&#8221;left top&#8221;][vc_column width=&#8221;1\/2&#8243;][vc_column_text] Pr\u00eat \u00e0 affronter le Challenger, notre toboggan familial aux allures de montagne russe aquatique ? Parfois doux et rassurant\u2026 parfois rapide et impr\u00e9visible\u2026 Il vous r\u00e9serve un cocktail de sensations qui vous fera rire, crier et recommencer encore et encore ! Avec ses 44,60 m\u00e8tres de long et son d\u00e9part perch\u00e9 \u00e0 4,80 m\u00e8tres de haut, ce grand serpent rouge flamboyant vous propulse \u00e0 25 km\/h dans une glissade sinueuse, o\u00f9 chaque virage est une surprise. Parfait pour les familles et les amateurs de sensations accessibles ! \ud83c\udf21\ufe0f Temp\u00e9rature de l\u2019eau : 30\u00b0C \u2013 pour une glisse tout confort, \u00e9t\u00e9 comme hiver.\ud83d\udc66 \u00c2ge minimum : 8 ans ou accompagn\u00e9 \u2013 l\u2019aventure est ouverte \u00e0 tous les explorateurs de l\u2019eau ! Le Challenger n\u2019a qu\u2019une r\u00e8gle : oser la premi\u00e8re descente\u2026 et vouloir la refaire aussit\u00f4t ! [\/vc_column_text][\/vc_column][vc_column width=&#8221;1\/2&#8243;][vc_column_text] Amateurs de sensations fortes, le Speed Rider est fait pour vous !Avec ses 71,30 m\u00e8tres de descente, son d\u00e9part perch\u00e9 \u00e0 8,50 m\u00e8tres et une pente vertigineuse de plus de 15 %, ce toboggan bleu \u00e9lectrique vous propulse \u00e0 32 km\/h \u00e0 travers des virages serr\u00e9s et exaltants. Un seul mot d\u2019ordre [&hellip;]<\/p>\n","protected":false},"author":1,"featured_media":0,"parent":0,"menu_order":0,"comment_status":"closed","ping_status":"closed","template":"","meta":{"footnotes":"","_links_to":"","_links_to_target":""},"class_list":["post-16605","page","type-page","status-publish","hentry"],"yoast_head":"<!-- This site is optimized with the Yoast SEO plugin v20.0 - https:\/\/yoast.com\/wordpress\/plugins\/seo\/ -->\n<title>La piscine Les Dauphins est la sortie pr\u00e9f\u00e9r\u00e9e des familles avec des enfants de 3 mois \u00e0 12 ans. Que ce soit pour s\u2019amuser, ou se d\u00e9tendre, tous les nageurs sont \u00e0 la f\u00eate \u00e0 la piscine Les Dauphins de Mouscron. Les sportifs, quant \u00e0 eux, peuvent encha\u00eener les longueurs dans notre piscine olympique !<\/title>\n<meta name=\"description\" content=\"Piscine, Les Dauphins, Mouscron, piscine les dauphins, natation, nager, centre aquatique, aquafitness, toboggan, bassin, olympique, cours de natation, horaire, tarifs, prix, r\u00e9servation, baignade, solarium, piscine ext\u00e9rieure, piscine plein-air, aquabike, fitness, bien-\u00eatre, wellness, brasserie\" \/>\n<meta name=\"robots\" content=\"index, follow, max-snippet:-1, max-image-preview:large, max-video-preview:-1\" \/>\n<link rel=\"canonical\" href=\"https:\/\/piscinelesdauphins.be\/nl\/toboggans\/\" \/>\n<meta property=\"og:locale\" content=\"nl_NL\" \/>\n<meta property=\"og:type\" content=\"article\" \/>\n<meta property=\"og:title\" content=\"La piscine Les Dauphins est la sortie pr\u00e9f\u00e9r\u00e9e des familles avec des enfants de 3 mois \u00e0 12 ans. Que ce soit pour s\u2019amuser, ou se d\u00e9tendre, tous les nageurs sont \u00e0 la f\u00eate \u00e0 la piscine Les Dauphins de Mouscron. Les sportifs, quant \u00e0 eux, peuvent encha\u00eener les longueurs dans notre piscine olympique !\" \/>\n<meta property=\"og:description\" content=\"Piscine, Les Dauphins, Mouscron, piscine les dauphins, natation, nager, centre aquatique, aquafitness, toboggan, bassin, olympique, cours de natation, horaire, tarifs, prix, r\u00e9servation, baignade, solarium, piscine ext\u00e9rieure, piscine plein-air, aquabike, fitness, bien-\u00eatre, wellness, brasserie\" \/>\n<meta property=\"og:url\" content=\"https:\/\/piscinelesdauphins.be\/nl\/toboggans\/\" \/>\n<meta property=\"og:site_name\" content=\"Piscine Olympique Les Dauphins\" \/>\n<meta property=\"article:modified_time\" content=\"2025-06-10T06:42:16+00:00\" \/>\n<meta name=\"twitter:card\" content=\"summary_large_image\" \/>\n<meta name=\"twitter:label1\" content=\"Geschatte leestijd\" \/>\n\t<meta name=\"twitter:data1\" content=\"2 minuten\" \/>\n<script type=\"application\/ld+json\" class=\"yoast-schema-graph\">{\"@context\":\"https:\/\/schema.org\",\"@graph\":[{\"@type\":\"WebPage\",\"@id\":\"https:\/\/piscinelesdauphins.be\/nl\/toboggans\/\",\"url\":\"https:\/\/piscinelesdauphins.be\/nl\/toboggans\/\",\"name\":\"La piscine Les Dauphins est la sortie pr\u00e9f\u00e9r\u00e9e des familles avec des enfants de 3 mois \u00e0 12 ans. Que ce soit pour s\u2019amuser, ou se d\u00e9tendre, tous les nageurs sont \u00e0 la f\u00eate \u00e0 la piscine Les Dauphins de Mouscron. Les sportifs, quant \u00e0 eux, peuvent encha\u00eener les longueurs dans notre piscine olympique !\",\"isPartOf\":{\"@id\":\"https:\/\/piscinelesdauphins.be\/nl\/#website\"},\"datePublished\":\"2021-06-14T15:04:49+00:00\",\"dateModified\":\"2025-06-10T06:42:16+00:00\",\"description\":\"Piscine, Les Dauphins, Mouscron, piscine les dauphins, natation, nager, centre aquatique, aquafitness, toboggan, bassin, olympique, cours de natation, horaire, tarifs, prix, r\u00e9servation, baignade, solarium, piscine ext\u00e9rieure, piscine plein-air, aquabike, fitness, bien-\u00eatre, wellness, brasserie\",\"breadcrumb\":{\"@id\":\"https:\/\/piscinelesdauphins.be\/nl\/toboggans\/#breadcrumb\"},\"inLanguage\":\"nl-NL\",\"potentialAction\":[{\"@type\":\"ReadAction\",\"target\":[\"https:\/\/piscinelesdauphins.be\/nl\/toboggans\/\"]}]},{\"@type\":\"BreadcrumbList\",\"@id\":\"https:\/\/piscinelesdauphins.be\/nl\/toboggans\/#breadcrumb\",\"itemListElement\":[{\"@type\":\"ListItem\",\"position\":1,\"name\":\"Accueil\",\"item\":\"https:\/\/piscinelesdauphins.be\/nl\/\"},{\"@type\":\"ListItem\",\"position\":2,\"name\":\"Toboggans\"}]},{\"@type\":\"WebSite\",\"@id\":\"https:\/\/piscinelesdauphins.be\/nl\/#website\",\"url\":\"https:\/\/piscinelesdauphins.be\/nl\/\",\"name\":\"Piscine Olympique Les Dauphins\",\"description\":\"Piscine Olympique Les Dauphins\",\"publisher\":{\"@id\":\"https:\/\/piscinelesdauphins.be\/nl\/#organization\"},\"potentialAction\":[{\"@type\":\"SearchAction\",\"target\":{\"@type\":\"EntryPoint\",\"urlTemplate\":\"https:\/\/piscinelesdauphins.be\/nl\/?s={search_term_string}\"},\"query-input\":\"required name=search_term_string\"}],\"inLanguage\":\"nl-NL\"},{\"@type\":\"Organization\",\"@id\":\"https:\/\/piscinelesdauphins.be\/nl\/#organization\",\"name\":\"Piscines les dauphins\",\"url\":\"https:\/\/piscinelesdauphins.be\/nl\/\",\"logo\":{\"@type\":\"ImageObject\",\"inLanguage\":\"nl-NL\",\"@id\":\"https:\/\/piscinelesdauphins.be\/nl\/#\/schema\/logo\/image\/\",\"url\":\"https:\/\/piscinelesdauphins.be\/wp-content\/uploads\/2021\/06\/Piscine-les-Dauphins.jpg\",\"contentUrl\":\"https:\/\/piscinelesdauphins.be\/wp-content\/uploads\/2021\/06\/Piscine-les-Dauphins.jpg\",\"width\":1473,\"height\":657,\"caption\":\"Piscines les dauphins\"},\"image\":{\"@id\":\"https:\/\/piscinelesdauphins.be\/nl\/#\/schema\/logo\/image\/\"}}]}<\/script>\n<!-- \/ Yoast SEO plugin. -->","yoast_head_json":{"title":"La piscine Les Dauphins est la sortie pr\u00e9f\u00e9r\u00e9e des familles avec des enfants de 3 mois \u00e0 12 ans. Que ce soit pour s\u2019amuser, ou se d\u00e9tendre, tous les nageurs sont \u00e0 la f\u00eate \u00e0 la piscine Les Dauphins de Mouscron. Les sportifs, quant \u00e0 eux, peuvent encha\u00eener les longueurs dans notre piscine olympique !","description":"Piscine, Les Dauphins, Mouscron, piscine les dauphins, natation, nager, centre aquatique, aquafitness, toboggan, bassin, olympique, cours de natation, horaire, tarifs, prix, r\u00e9servation, baignade, solarium, piscine ext\u00e9rieure, piscine plein-air, aquabike, fitness, bien-\u00eatre, wellness, brasserie","robots":{"index":"index","follow":"follow","max-snippet":"max-snippet:-1","max-image-preview":"max-image-preview:large","max-video-preview":"max-video-preview:-1"},"canonical":"https:\/\/piscinelesdauphins.be\/nl\/toboggans\/","og_locale":"nl_NL","og_type":"article","og_title":"La piscine Les Dauphins est la sortie pr\u00e9f\u00e9r\u00e9e des familles avec des enfants de 3 mois \u00e0 12 ans. Que ce soit pour s\u2019amuser, ou se d\u00e9tendre, tous les nageurs sont \u00e0 la f\u00eate \u00e0 la piscine Les Dauphins de Mouscron. Les sportifs, quant \u00e0 eux, peuvent encha\u00eener les longueurs dans notre piscine olympique !","og_description":"Piscine, Les Dauphins, Mouscron, piscine les dauphins, natation, nager, centre aquatique, aquafitness, toboggan, bassin, olympique, cours de natation, horaire, tarifs, prix, r\u00e9servation, baignade, solarium, piscine ext\u00e9rieure, piscine plein-air, aquabike, fitness, bien-\u00eatre, wellness, brasserie","og_url":"https:\/\/piscinelesdauphins.be\/nl\/toboggans\/","og_site_name":"Piscine Olympique Les Dauphins","article_modified_time":"2025-06-10T06:42:16+00:00","twitter_card":"summary_large_image","twitter_misc":{"Geschatte leestijd":"2 minuten"},"schema":{"@context":"https:\/\/schema.org","@graph":[{"@type":"WebPage","@id":"https:\/\/piscinelesdauphins.be\/nl\/toboggans\/","url":"https:\/\/piscinelesdauphins.be\/nl\/toboggans\/","name":"La piscine Les Dauphins est la sortie pr\u00e9f\u00e9r\u00e9e des familles avec des enfants de 3 mois \u00e0 12 ans. Que ce soit pour s\u2019amuser, ou se d\u00e9tendre, tous les nageurs sont \u00e0 la f\u00eate \u00e0 la piscine Les Dauphins de Mouscron. Les sportifs, quant \u00e0 eux, peuvent encha\u00eener les longueurs dans notre piscine olympique !","isPartOf":{"@id":"https:\/\/piscinelesdauphins.be\/nl\/#website"},"datePublished":"2021-06-14T15:04:49+00:00","dateModified":"2025-06-10T06:42:16+00:00","description":"Piscine, Les Dauphins, Mouscron, piscine les dauphins, natation, nager, centre aquatique, aquafitness, toboggan, bassin, olympique, cours de natation, horaire, tarifs, prix, r\u00e9servation, baignade, solarium, piscine ext\u00e9rieure, piscine plein-air, aquabike, fitness, bien-\u00eatre, wellness, brasserie","breadcrumb":{"@id":"https:\/\/piscinelesdauphins.be\/nl\/toboggans\/#breadcrumb"},"inLanguage":"nl-NL","potentialAction":[{"@type":"ReadAction","target":["https:\/\/piscinelesdauphins.be\/nl\/toboggans\/"]}]},{"@type":"BreadcrumbList","@id":"https:\/\/piscinelesdauphins.be\/nl\/toboggans\/#breadcrumb","itemListElement":[{"@type":"ListItem","position":1,"name":"Accueil","item":"https:\/\/piscinelesdauphins.be\/nl\/"},{"@type":"ListItem","position":2,"name":"Toboggans"}]},{"@type":"WebSite","@id":"https:\/\/piscinelesdauphins.be\/nl\/#website","url":"https:\/\/piscinelesdauphins.be\/nl\/","name":"Piscine Olympique Les Dauphins","description":"Piscine Olympique Les Dauphins","publisher":{"@id":"https:\/\/piscinelesdauphins.be\/nl\/#organization"},"potentialAction":[{"@type":"SearchAction","target":{"@type":"EntryPoint","urlTemplate":"https:\/\/piscinelesdauphins.be\/nl\/?s={search_term_string}"},"query-input":"required name=search_term_string"}],"inLanguage":"nl-NL"},{"@type":"Organization","@id":"https:\/\/piscinelesdauphins.be\/nl\/#organization","name":"Piscines les dauphins","url":"https:\/\/piscinelesdauphins.be\/nl\/","logo":{"@type":"ImageObject","inLanguage":"nl-NL","@id":"https:\/\/piscinelesdauphins.be\/nl\/#\/schema\/logo\/image\/","url":"https:\/\/piscinelesdauphins.be\/wp-content\/uploads\/2021\/06\/Piscine-les-Dauphins.jpg","contentUrl":"https:\/\/piscinelesdauphins.be\/wp-content\/uploads\/2021\/06\/Piscine-les-Dauphins.jpg","width":1473,"height":657,"caption":"Piscines les dauphins"},"image":{"@id":"https:\/\/piscinelesdauphins.be\/nl\/#\/schema\/logo\/image\/"}}]}},"_links":{"self":[{"href":"https:\/\/piscinelesdauphins.be\/nl\/wp-json\/wp\/v2\/pages\/16605","targetHints":{"allow":["GET"]}}],"collection":[{"href":"https:\/\/piscinelesdauphins.be\/nl\/wp-json\/wp\/v2\/pages"}],"about":[{"href":"https:\/\/piscinelesdauphins.be\/nl\/wp-json\/wp\/v2\/types\/page"}],"author":[{"embeddable":true,"href":"https:\/\/piscinelesdauphins.be\/nl\/wp-json\/wp\/v2\/users\/1"}],"replies":[{"embeddable":true,"href":"https:\/\/piscinelesdauphins.be\/nl\/wp-json\/wp\/v2\/comments?post=16605"}],"version-history":[{"count":16,"href":"https:\/\/piscinelesdauphins.be\/nl\/wp-json\/wp\/v2\/pages\/16605\/revisions"}],"predecessor-version":[{"id":17056,"href":"https:\/\/piscinelesdauphins.be\/nl\/wp-json\/wp\/v2\/pages\/16605\/revisions\/17056"}],"wp:attachment":[{"href":"https:\/\/piscinelesdauphins.be\/nl\/wp-json\/wp\/v2\/media?parent=16605"}],"curies":[{"name":"wp","href":"https:\/\/api.w.org\/{rel}","templated":true}]}}